{"id":997,"date":"2025-09-30T12:06:15","date_gmt":"2025-09-30T12:06:15","guid":{"rendered":"https:\/\/sgddakademi.org.tr\/zero-tolerance\/"},"modified":"2025-11-18T08:35:42","modified_gmt":"2025-11-18T08:35:42","slug":"zero-tolerance","status":"publish","type":"page","link":"https:\/\/sgddakademi.org.tr\/en\/zero-tolerance\/","title":{"rendered":"Zero Tolerance"},"content":{"rendered":"\t\t<div data-elementor-type=\"wp-page\" data-elementor-id=\"997\" class=\"elementor elementor-997 elementor-540\" data-elementor-post-type=\"page\">\n\t\t\t\t<div class=\"elementor-element elementor-element-554547b e-flex e-con-boxed e-con e-parent\" data-id=\"554547b\" data-element_type=\"container\">\n\t\t\t\t\t<div class=\"e-con-inner\">\n\t\t\t\t<div class=\"elementor-element elementor-element-7b5eb28 elementor-widget elementor-widget-heading\" data-id=\"7b5eb28\" data-element_type=\"widget\" data-widget_type=\"heading.default\">\n\t\t\t\t\t<h2 class=\"elementor-heading-title elementor-size-default\">Zero Tolerance<\/h2>\t\t\t\t<\/div>\n\t\t\t\t<div class=\"elementor-element elementor-element-ab2ac10 elementor-widget elementor-widget-text-editor\" data-id=\"ab2ac10\" data-element_type=\"widget\" data-widget_type=\"text-editor.default\">\n\t\t\t\t\t\t\t\t\t<div class=\"vc_row wpb_row vc_row-fluid\"><div class=\"wpb_column vc_column_container vc_col-sm-12\"><div class=\"vc_column-inner\"><div class=\"wpb_wrapper\"><div class=\"wpb_text_column wpb_content_element \"><div class=\"wpb_wrapper\"><p>ASAM Academy on Migration adopts a \u2018Zero Tolerance\u2019 principle against sexual exploitation, abuse, and harassment. In this regard, ASAM has prepared and implemented a Principle Document for Preventing and Providing Support Against Sexual Exploitation, Abuse, and Harassment, available in four languages. <\/p><\/div><\/div><\/div><\/div><\/div><\/div>\t\t\t\t\t\t\t\t<\/div>\n\t\t\t\t\t<\/div>\n\t\t\t\t<\/div>\n\t\t<div class=\"elementor-element elementor-element-79b7f13 e-flex e-con-boxed e-con e-parent\" data-id=\"79b7f13\" data-element_type=\"container\">\n\t\t\t\t\t<div class=\"e-con-inner\">\n\t\t<div class=\"elementor-element elementor-element-1ae3114 e-con-full e-flex e-con e-child\" data-id=\"1ae3114\" data-element_type=\"container\">\n\t\t\t\t<div class=\"elementor-element elementor-element-c2520aa elementor-widget elementor-widget-image\" data-id=\"c2520aa\" data-element_type=\"widget\" data-widget_type=\"image.default\">\n\t\t\t\t\t\t\t\t\t\t\t\t\t\t\t<img fetchpriority=\"high\" decoding=\"async\" width=\"228\" height=\"300\" src=\"https:\/\/sgddakademi.org.tr\/wp-content\/uploads\/2025\/09\/cistde-228x300.png\" class=\"attachment-medium size-medium wp-image-998\" alt=\"\" srcset=\"https:\/\/sgddakademi.org.tr\/wp-content\/uploads\/2025\/09\/cistde-228x300.png 228w, https:\/\/sgddakademi.org.tr\/wp-content\/uploads\/2025\/09\/cistde-778x1024.png 778w, https:\/\/sgddakademi.org.tr\/wp-content\/uploads\/2025\/09\/cistde-768x1010.png 768w, https:\/\/sgddakademi.org.tr\/wp-content\/uploads\/2025\/09\/cistde.png 872w\" sizes=\"(max-width: 228px) 100vw, 228px\" \/>\t\t\t\t\t\t\t\t\t\t\t\t\t\t\t<\/div>\n\t\t<div class=\"elementor-element elementor-element-a193ab3 e-con-full e-flex e-con e-child\" data-id=\"a193ab3\" data-element_type=\"container\">\n\t\t\t\t<div class=\"elementor-element elementor-element-4f0ba46 elementor-widget elementor-widget-heading\" data-id=\"4f0ba46\" data-element_type=\"widget\" data-widget_type=\"heading.default\">\n\t\t\t\t\t<h2 class=\"elementor-heading-title elementor-size-default\">Turkish<\/h2>\t\t\t\t<\/div>\n\t\t\t\t<div class=\"elementor-element elementor-element-2ef820c elementor-widget__width-auto elementor-widget elementor-widget-heading\" data-id=\"2ef820c\" data-element_type=\"widget\" data-widget_type=\"heading.default\">\n\t\t\t\t\t<h2 class=\"elementor-heading-title elementor-size-default\">Cinsel S\u00f6m\u00fcr\u00fc, Cinsel \u0130stismar ve Cinsel Tacize Kar\u015f\u0131 \u00d6nlem ve Destek \u0130lkeleri Belgesi<\/h2>\t\t\t\t<\/div>\n\t\t\t\t<div class=\"elementor-element elementor-element-dd2028a elementor-widget elementor-widget-button\" data-id=\"dd2028a\" data-element_type=\"widget\" data-widget_type=\"button.default\">\n\t\t\t\t\t\t\t\t\t\t<a class=\"elementor-button elementor-button-link elementor-size-sm\" href=\"https:\/\/sgddakademi.org.tr\/en\/sgdd_asam_cinsel_somuru_ilker_belgesi_tr_240507\/\">\n\t\t\t\t\t\t<span class=\"elementor-button-content-wrapper\">\n\t\t\t\t\t\t\t\t\t<span class=\"elementor-button-text\">View<\/span>\n\t\t\t\t\t<\/span>\n\t\t\t\t\t<\/a>\n\t\t\t\t\t\t\t\t<\/div>\n\t\t\t\t<\/div>\n\t\t\t\t<\/div>\n\t\t<div class=\"elementor-element elementor-element-3b22b75 e-con-full e-flex e-con e-child\" data-id=\"3b22b75\" data-element_type=\"container\">\n\t\t\t\t<div class=\"elementor-element elementor-element-1002b88 elementor-widget elementor-widget-image\" data-id=\"1002b88\" data-element_type=\"widget\" data-widget_type=\"image.default\">\n\t\t\t\t\t\t\t\t\t\t\t\t\t\t\t<img decoding=\"async\" width=\"227\" height=\"300\" data-src=\"https:\/\/sgddakademi.org.tr\/wp-content\/uploads\/2025\/09\/cistde-eng-227x300.png\" class=\"attachment-medium size-medium wp-image-999 lazyload\" alt=\"\" data-srcset=\"https:\/\/sgddakademi.org.tr\/wp-content\/uploads\/2025\/09\/cistde-eng-227x300.png 227w, https:\/\/sgddakademi.org.tr\/wp-content\/uploads\/2025\/09\/cistde-eng-774x1024.png 774w, https:\/\/sgddakademi.org.tr\/wp-content\/uploads\/2025\/09\/cistde-eng-768x1015.png 768w, https:\/\/sgddakademi.org.tr\/wp-content\/uploads\/2025\/09\/cistde-eng.png 872w\" data-sizes=\"(max-width: 227px) 100vw, 227px\" src=\"data:image\/svg+xml;base64,PHN2ZyB3aWR0aD0iMSIgaGVpZ2h0PSIxIiB4bWxucz0iaHR0cDovL3d3dy53My5vcmcvMjAwMC9zdmciPjwvc3ZnPg==\" style=\"--smush-placeholder-width: 227px; --smush-placeholder-aspect-ratio: 227\/300;\" \/>\t\t\t\t\t\t\t\t\t\t\t\t\t\t\t<\/div>\n\t\t<div class=\"elementor-element elementor-element-db7e1fe e-con-full e-flex e-con e-child\" data-id=\"db7e1fe\" data-element_type=\"container\">\n\t\t\t\t<div class=\"elementor-element elementor-element-2518efd elementor-widget elementor-widget-heading\" data-id=\"2518efd\" data-element_type=\"widget\" data-widget_type=\"heading.default\">\n\t\t\t\t\t<h2 class=\"elementor-heading-title elementor-size-default\">English<\/h2>\t\t\t\t<\/div>\n\t\t\t\t<div class=\"elementor-element elementor-element-03b2bbf elementor-widget__width-auto elementor-widget elementor-widget-heading\" data-id=\"03b2bbf\" data-element_type=\"widget\" data-widget_type=\"heading.default\">\n\t\t\t\t\t<h2 class=\"elementor-heading-title elementor-size-default\">Princible Document For Preventing and Providing Support Against Sexual Exploitation, Abuse and Harrasment<\/h2>\t\t\t\t<\/div>\n\t\t\t\t<div class=\"elementor-element elementor-element-97e4556 elementor-widget elementor-widget-button\" data-id=\"97e4556\" data-element_type=\"widget\" data-widget_type=\"button.default\">\n\t\t\t\t\t\t\t\t\t\t<a class=\"elementor-button elementor-button-link elementor-size-sm\" href=\"https:\/\/sgddakademi.org.tr\/en\/sgdd_asam_cinsel_somuru_ilker_belgesi_eng_240507-1\/\">\n\t\t\t\t\t\t<span class=\"elementor-button-content-wrapper\">\n\t\t\t\t\t\t\t\t\t<span class=\"elementor-button-text\">View<\/span>\n\t\t\t\t\t<\/span>\n\t\t\t\t\t<\/a>\n\t\t\t\t\t\t\t\t<\/div>\n\t\t\t\t<\/div>\n\t\t\t\t<\/div>\n\t\t\t\t\t<\/div>\n\t\t\t\t<\/div>\n\t\t<div class=\"elementor-element elementor-element-98a90ca e-flex e-con-boxed e-con e-parent\" data-id=\"98a90ca\" data-element_type=\"container\">\n\t\t\t\t\t<div class=\"e-con-inner\">\n\t\t<div class=\"elementor-element elementor-element-7e08efc e-con-full e-flex e-con e-child\" data-id=\"7e08efc\" data-element_type=\"container\">\n\t\t\t\t<div class=\"elementor-element elementor-element-d478594 elementor-widget elementor-widget-image\" data-id=\"d478594\" data-element_type=\"widget\" data-widget_type=\"image.default\">\n\t\t\t\t\t\t\t\t\t\t\t\t\t\t\t<img decoding=\"async\" width=\"228\" height=\"300\" data-src=\"https:\/\/sgddakademi.org.tr\/wp-content\/uploads\/2025\/09\/cistde-ar-228x300.png\" class=\"attachment-medium size-medium wp-image-1000 lazyload\" alt=\"\" data-srcset=\"https:\/\/sgddakademi.org.tr\/wp-content\/uploads\/2025\/09\/cistde-ar-228x300.png 228w, https:\/\/sgddakademi.org.tr\/wp-content\/uploads\/2025\/09\/cistde-ar-777x1024.png 777w, https:\/\/sgddakademi.org.tr\/wp-content\/uploads\/2025\/09\/cistde-ar-768x1012.png 768w, https:\/\/sgddakademi.org.tr\/wp-content\/uploads\/2025\/09\/cistde-ar.png 815w\" data-sizes=\"(max-width: 228px) 100vw, 228px\" src=\"data:image\/svg+xml;base64,PHN2ZyB3aWR0aD0iMSIgaGVpZ2h0PSIxIiB4bWxucz0iaHR0cDovL3d3dy53My5vcmcvMjAwMC9zdmciPjwvc3ZnPg==\" style=\"--smush-placeholder-width: 228px; --smush-placeholder-aspect-ratio: 228\/300;\" \/>\t\t\t\t\t\t\t\t\t\t\t\t\t\t\t<\/div>\n\t\t<div class=\"elementor-element elementor-element-d398f2f e-con-full e-flex e-con e-child\" data-id=\"d398f2f\" data-element_type=\"container\">\n\t\t\t\t<div class=\"elementor-element elementor-element-8f865b1 elementor-widget elementor-widget-heading\" data-id=\"8f865b1\" data-element_type=\"widget\" data-widget_type=\"heading.default\">\n\t\t\t\t\t<h2 class=\"elementor-heading-title elementor-size-default\">Arabic<\/h2>\t\t\t\t<\/div>\n\t\t\t\t<div class=\"elementor-element elementor-element-f4fa1d5 elementor-widget__width-auto elementor-widget elementor-widget-heading\" data-id=\"f4fa1d5\" data-element_type=\"widget\" data-widget_type=\"heading.default\">\n\t\t\t\t\t<h2 class=\"elementor-heading-title elementor-size-default\">\u0648\u062b\u064a\u0642\u0629 \u0645\u0628\u0627\u062f\u0626 \u0645\u0646\u0639 \u0648\u062a\u0642\u062f\u064a\u0645 \u0627\u0644\u062f\u0639\u0645 \u0636\u062f \u0627\u0627\u0644\u0633\u062a\u063a\u0627\u0644\u0644 \u0648\u0627\u0627\u0644\u0639\u062a\u062f\u0627\u0621 \u0648\u0627\u0644\u062a\u062d\u0631\u0634 \u0627\u0644\u062c\u0646\u0633\u064a\u0646\u064a<\/h2>\t\t\t\t<\/div>\n\t\t\t\t<div class=\"elementor-element elementor-element-f5ac611 elementor-widget elementor-widget-button\" data-id=\"f5ac611\" data-element_type=\"widget\" data-widget_type=\"button.default\">\n\t\t\t\t\t\t\t\t\t\t<a class=\"elementor-button elementor-button-link elementor-size-sm\" href=\"https:\/\/sgddakademi.org.tr\/en\/sgdd_asam_cinsel_somuru_ilker_belgesi_ar_240507\/\">\n\t\t\t\t\t\t<span class=\"elementor-button-content-wrapper\">\n\t\t\t\t\t\t\t\t\t<span class=\"elementor-button-text\">View<\/span>\n\t\t\t\t\t<\/span>\n\t\t\t\t\t<\/a>\n\t\t\t\t\t\t\t\t<\/div>\n\t\t\t\t<\/div>\n\t\t\t\t<\/div>\n\t\t<div class=\"elementor-element elementor-element-db59586 e-con-full e-flex e-con e-child\" data-id=\"db59586\" data-element_type=\"container\">\n\t\t\t\t<div class=\"elementor-element elementor-element-ffd2c87 elementor-widget elementor-widget-image\" data-id=\"ffd2c87\" data-element_type=\"widget\" data-widget_type=\"image.default\">\n\t\t\t\t\t\t\t\t\t\t\t\t\t\t\t<img decoding=\"async\" width=\"227\" height=\"300\" data-src=\"https:\/\/sgddakademi.org.tr\/wp-content\/uploads\/2025\/09\/cistde-fa-227x300.png\" class=\"attachment-medium size-medium wp-image-1001 lazyload\" alt=\"\" data-srcset=\"https:\/\/sgddakademi.org.tr\/wp-content\/uploads\/2025\/09\/cistde-fa-227x300.png 227w, https:\/\/sgddakademi.org.tr\/wp-content\/uploads\/2025\/09\/cistde-fa-775x1024.png 775w, https:\/\/sgddakademi.org.tr\/wp-content\/uploads\/2025\/09\/cistde-fa-768x1014.png 768w, https:\/\/sgddakademi.org.tr\/wp-content\/uploads\/2025\/09\/cistde-fa.png 873w\" data-sizes=\"(max-width: 227px) 100vw, 227px\" src=\"data:image\/svg+xml;base64,PHN2ZyB3aWR0aD0iMSIgaGVpZ2h0PSIxIiB4bWxucz0iaHR0cDovL3d3dy53My5vcmcvMjAwMC9zdmciPjwvc3ZnPg==\" style=\"--smush-placeholder-width: 227px; --smush-placeholder-aspect-ratio: 227\/300;\" \/>\t\t\t\t\t\t\t\t\t\t\t\t\t\t\t<\/div>\n\t\t<div class=\"elementor-element elementor-element-58eebef e-con-full e-flex e-con e-child\" data-id=\"58eebef\" data-element_type=\"container\">\n\t\t\t\t<div class=\"elementor-element elementor-element-67d07b8 elementor-widget elementor-widget-heading\" data-id=\"67d07b8\" data-element_type=\"widget\" data-widget_type=\"heading.default\">\n\t\t\t\t\t<h2 class=\"elementor-heading-title elementor-size-default\">Farsi<\/h2>\t\t\t\t<\/div>\n\t\t\t\t<div class=\"elementor-element elementor-element-0471087 elementor-widget__width-auto elementor-widget elementor-widget-heading\" data-id=\"0471087\" data-element_type=\"widget\" data-widget_type=\"heading.default\">\n\t\t\t\t\t<h2 class=\"elementor-heading-title elementor-size-default\">\u0627\u0635\u0648\u0644 \u062d\u0627\u0645\u06cc\u062a \u0648 \u067e\u06cc\u0634\u06af\u06cc\u0631\u06cc \u0627\u0632 \u0628\u0647\u0631\u0647 \u06a9\u0634\u06cc\u060c \u0633\u0648\u0627\u0633\u062a\u0641\u0627\u062f\u0647 \u0648 \u0622\u0632\u0627\u0631 \u062c\u0646\u0633\u06cc<\/h2>\t\t\t\t<\/div>\n\t\t\t\t<div class=\"elementor-element elementor-element-a5c911a elementor-widget elementor-widget-button\" data-id=\"a5c911a\" data-element_type=\"widget\" data-widget_type=\"button.default\">\n\t\t\t\t\t\t\t\t\t\t<a class=\"elementor-button elementor-button-link elementor-size-sm\" href=\"https:\/\/sgddakademi.org.tr\/en\/sgdd_asam_cinsel_somuru_ilker_belgesi_fa_240522\/\">\n\t\t\t\t\t\t<span class=\"elementor-button-content-wrapper\">\n\t\t\t\t\t\t\t\t\t<span class=\"elementor-button-text\">View<\/span>\n\t\t\t\t\t<\/span>\n\t\t\t\t\t<\/a>\n\t\t\t\t\t\t\t\t<\/div>\n\t\t\t\t<\/div>\n\t\t\t\t<\/div>\n\t\t\t\t\t<\/div>\n\t\t\t\t<\/div>\n\t\t\t\t<\/div>\n\t\t","protected":false},"excerpt":{"rendered":"<p>Zero Tolerance ASAM Academy on Migration adopts a \u2018Zero Tolerance\u2019 principle against sexual exploitation, abuse, and harassment. In this regard, ASAM has prepared and implemented a Principle Document for Preventing and Providing Support Against Sexual Exploitation, Abuse, and Harassment, available in four languages. Turkish Cinsel S\u00f6m\u00fcr\u00fc, Cinsel \u0130stismar ve Cinsel Tacize Kar\u015f\u0131 \u00d6nlem ve Destek [&hellip;]<\/p>\n","protected":false},"author":1,"featured_media":0,"parent":0,"menu_order":0,"comment_status":"closed","ping_status":"closed","template":"","meta":{"_acf_changed":false,"footnotes":""},"class_list":["post-997","page","type-page","status-publish","hentry"],"acf":[],"_links":{"self":[{"href":"https:\/\/sgddakademi.org.tr\/en\/wp-json\/wp\/v2\/pages\/997","targetHints":{"allow":["GET"]}}],"collection":[{"href":"https:\/\/sgddakademi.org.tr\/en\/wp-json\/wp\/v2\/pages"}],"about":[{"href":"https:\/\/sgddakademi.org.tr\/en\/wp-json\/wp\/v2\/types\/page"}],"author":[{"embeddable":true,"href":"https:\/\/sgddakademi.org.tr\/en\/wp-json\/wp\/v2\/users\/1"}],"replies":[{"embeddable":true,"href":"https:\/\/sgddakademi.org.tr\/en\/wp-json\/wp\/v2\/comments?post=997"}],"version-history":[{"count":1,"href":"https:\/\/sgddakademi.org.tr\/en\/wp-json\/wp\/v2\/pages\/997\/revisions"}],"predecessor-version":[{"id":1002,"href":"https:\/\/sgddakademi.org.tr\/en\/wp-json\/wp\/v2\/pages\/997\/revisions\/1002"}],"wp:attachment":[{"href":"https:\/\/sgddakademi.org.tr\/en\/wp-json\/wp\/v2\/media?parent=997"}],"curies":[{"name":"wp","href":"https:\/\/api.w.org\/{rel}","templated":true}]}}