{"id":1094,"date":"2025-09-28T18:50:08","date_gmt":"2025-09-28T18:50:08","guid":{"rendered":"https:\/\/sgddakademi.org.tr\/aboout-asam\/"},"modified":"2025-11-18T12:21:35","modified_gmt":"2025-11-18T12:21:35","slug":"aboout-asam","status":"publish","type":"page","link":"https:\/\/sgddakademi.org.tr\/en\/aboout-asam\/","title":{"rendered":"Aboout ASAM"},"content":{"rendered":"\t\t<div data-elementor-type=\"wp-page\" data-elementor-id=\"1094\" class=\"elementor elementor-1094 elementor-192\" data-elementor-post-type=\"page\">\n\t\t\t\t<div class=\"elementor-element elementor-element-43b9b84 e-flex e-con-boxed e-con e-parent\" data-id=\"43b9b84\" data-element_type=\"container\">\n\t\t\t\t\t<div class=\"e-con-inner\">\n\t\t<div class=\"elementor-element elementor-element-b308c47 e-con-full e-flex e-con e-child\" data-id=\"b308c47\" data-element_type=\"container\">\n\t\t\t\t<div class=\"elementor-element elementor-element-783dd71 elementor-widget elementor-widget-heading\" data-id=\"783dd71\" data-element_type=\"widget\" data-widget_type=\"heading.default\">\n\t\t\t\t\t<h2 class=\"elementor-heading-title elementor-size-default\">About ASAM<\/h2>\t\t\t\t<\/div>\n\t\t\t\t<div class=\"elementor-element elementor-element-afd18ce elementor-widget elementor-widget-text-editor\" data-id=\"afd18ce\" data-element_type=\"widget\" data-widget_type=\"text-editor.default\">\n\t\t\t\t\t\t\t\t\t<p>Visit our website to learn more about ASAM\u2019s activities.<\/p>\t\t\t\t\t\t\t\t<\/div>\n\t\t\t\t<div class=\"elementor-element elementor-element-db15deb elementor-widget elementor-widget-button\" data-id=\"db15deb\" data-element_type=\"widget\" data-widget_type=\"button.default\">\n\t\t\t\t\t\t\t\t\t\t<a class=\"elementor-button elementor-button-link elementor-size-sm\" href=\"https:\/\/sgdd.org.tr\/\">\n\t\t\t\t\t\t<span class=\"elementor-button-content-wrapper\">\n\t\t\t\t\t\t\t\t\t<span class=\"elementor-button-text\">sgdd.org.tr\/en<\/span>\n\t\t\t\t\t<\/span>\n\t\t\t\t\t<\/a>\n\t\t\t\t\t\t\t\t<\/div>\n\t\t\t\t<\/div>\n\t\t\t\t\t<\/div>\n\t\t\t\t<\/div>\n\t\t<div class=\"elementor-element elementor-element-2eec9fd e-flex e-con-boxed elementor-invisible e-con e-parent\" data-id=\"2eec9fd\" data-element_type=\"container\" data-settings=\"{&quot;animation&quot;:&quot;slideInUp&quot;}\">\n\t\t\t\t\t<div class=\"e-con-inner\">\n\t\t<div class=\"elementor-element elementor-element-a191d4e e-con-full e-flex e-con e-child\" data-id=\"a191d4e\" data-element_type=\"container\">\n\t\t\t\t<div class=\"elementor-element elementor-element-5a4f27a elementor-widget elementor-widget-image\" data-id=\"5a4f27a\" data-element_type=\"widget\" data-widget_type=\"image.default\">\n\t\t\t\t\t\t\t\t\t\t\t\t\t\t\t<img fetchpriority=\"high\" decoding=\"async\" width=\"732\" height=\"642\" src=\"https:\/\/sgddakademi.org.tr\/wp-content\/uploads\/2025\/09\/turkiye_genelinde_comp.webp\" class=\"attachment-large size-large wp-image-1095\" alt=\"\" srcset=\"https:\/\/sgddakademi.org.tr\/wp-content\/uploads\/2025\/09\/turkiye_genelinde_comp.webp 732w, https:\/\/sgddakademi.org.tr\/wp-content\/uploads\/2025\/09\/turkiye_genelinde_comp-300x263.webp 300w\" sizes=\"(max-width: 732px) 100vw, 732px\" \/>\t\t\t\t\t\t\t\t\t\t\t\t\t\t\t<\/div>\n\t\t\t\t<\/div>\n\t\t<div class=\"elementor-element elementor-element-1ca6ebc e-con-full e-flex e-con e-child\" data-id=\"1ca6ebc\" data-element_type=\"container\">\n\t\t\t\t<div class=\"elementor-element elementor-element-a353b9c elementor-widget elementor-widget-heading\" data-id=\"a353b9c\" data-element_type=\"widget\" data-widget_type=\"heading.default\">\n\t\t\t\t\t<h2 class=\"elementor-heading-title elementor-size-default\">29 offices in 21<br>provinces across T\u00fcrkiye<\/h2>\t\t\t\t<\/div>\n\t\t\t\t<div class=\"elementor-element elementor-element-e6e43cb elementor-widget elementor-widget-text-editor\" data-id=\"e6e43cb\" data-element_type=\"widget\" data-widget_type=\"text-editor.default\">\n\t\t\t\t\t\t\t\t\t<p>ASAM has more than two thousand full-time employees and 29 offices in 21 provinces of Turkey. The organization works in these offices regardless of language, religion, gender, race and political views. <\/p>\t\t\t\t\t\t\t\t<\/div>\n\t\t\t\t<div class=\"elementor-element elementor-element-f86f217 elementor-widget elementor-widget-button\" data-id=\"f86f217\" data-element_type=\"widget\" data-widget_type=\"button.default\">\n\t\t\t\t\t\t\t\t\t\t<a class=\"elementor-button elementor-button-link elementor-size-sm\" href=\"https:\/\/sgdd.org.tr\/neredeyiz\">\n\t\t\t\t\t\t<span class=\"elementor-button-content-wrapper\">\n\t\t\t\t\t\t\t\t\t<span class=\"elementor-button-text\">Where We Work<\/span>\n\t\t\t\t\t<\/span>\n\t\t\t\t\t<\/a>\n\t\t\t\t\t\t\t\t<\/div>\n\t\t\t\t<\/div>\n\t\t\t\t\t<\/div>\n\t\t\t\t<\/div>\n\t\t<div class=\"elementor-element elementor-element-6d04cbe e-flex e-con-boxed e-con e-parent\" data-id=\"6d04cbe\" data-element_type=\"container\">\n\t\t\t\t\t<div class=\"e-con-inner\">\n\t\t<div class=\"elementor-element elementor-element-7db6e63 e-con-full e-flex elementor-invisible e-con e-child\" data-id=\"7db6e63\" data-element_type=\"container\" data-settings=\"{&quot;animation&quot;:&quot;slideInLeft&quot;}\">\n\t\t\t\t<div class=\"elementor-element elementor-element-db62fb9 elementor-widget elementor-widget-heading\" data-id=\"db62fb9\" data-element_type=\"widget\" data-widget_type=\"heading.default\">\n\t\t\t\t\t<h2 class=\"elementor-heading-title elementor-size-default\">Foreign representations<\/h2>\t\t\t\t<\/div>\n\t\t\t\t<div class=\"elementor-element elementor-element-0a072b5 elementor-widget elementor-widget-text-editor\" data-id=\"0a072b5\" data-element_type=\"widget\" data-widget_type=\"text-editor.default\">\n\t\t\t\t\t\t\t\t\t<p>Having opened a foreign representative office in Athens, Greece in 2016, when irregular migration was at its peak, and later in Brussels, Belgium, known as the capital of Europe, in 2019, ASAM has extended its nearly 30 years of national-level experience to the international sphere.<br><br>With the onset of the war between Ukraine and Russia, ASAM has engaged in efforts to commence operations through its third foreign representative office in Lviv, Ukraine, and will launch its fourth representative office abroad in Aleppo, Syria, followed by Damascus, in the coming days in 2025.<\/p>\t\t\t\t\t\t\t\t<\/div>\n\t\t\t\t<div class=\"elementor-element elementor-element-4526392 elementor-widget elementor-widget-button\" data-id=\"4526392\" data-element_type=\"widget\" data-widget_type=\"button.default\">\n\t\t\t\t\t\t\t\t\t\t<a class=\"elementor-button elementor-button-link elementor-size-sm\" href=\"https:\/\/sgdd.org.tr\/neredeyiz\">\n\t\t\t\t\t\t<span class=\"elementor-button-content-wrapper\">\n\t\t\t\t\t\t\t\t\t<span class=\"elementor-button-text\">Where We Work<\/span>\n\t\t\t\t\t<\/span>\n\t\t\t\t\t<\/a>\n\t\t\t\t\t\t\t\t<\/div>\n\t\t\t\t<\/div>\n\t\t<div class=\"elementor-element elementor-element-479b6a1 e-con-full e-flex elementor-invisible e-con e-child\" data-id=\"479b6a1\" data-element_type=\"container\" data-settings=\"{&quot;animation&quot;:&quot;slideInRight&quot;}\">\n\t\t\t\t<div class=\"elementor-element elementor-element-14d27c2 elementor-widget elementor-widget-image\" data-id=\"14d27c2\" data-element_type=\"widget\" data-widget_type=\"image.default\">\n\t\t\t\t\t\t\t\t\t\t\t\t\t\t\t<img decoding=\"async\" width=\"732\" height=\"642\" data-src=\"https:\/\/sgddakademi.org.tr\/wp-content\/uploads\/2025\/09\/yurtdisi_temsilcilikleri.png\" class=\"attachment-large size-large wp-image-1096 lazyload\" alt=\"\" data-srcset=\"https:\/\/sgddakademi.org.tr\/wp-content\/uploads\/2025\/09\/yurtdisi_temsilcilikleri.png 732w, https:\/\/sgddakademi.org.tr\/wp-content\/uploads\/2025\/09\/yurtdisi_temsilcilikleri-300x263.png 300w\" data-sizes=\"(max-width: 732px) 100vw, 732px\" src=\"data:image\/svg+xml;base64,PHN2ZyB3aWR0aD0iMSIgaGVpZ2h0PSIxIiB4bWxucz0iaHR0cDovL3d3dy53My5vcmcvMjAwMC9zdmciPjwvc3ZnPg==\" style=\"--smush-placeholder-width: 732px; --smush-placeholder-aspect-ratio: 732\/642;\" \/>\t\t\t\t\t\t\t\t\t\t\t\t\t\t\t<\/div>\n\t\t\t\t<\/div>\n\t\t\t\t\t<\/div>\n\t\t\t\t<\/div>\n\t\t<div class=\"elementor-element elementor-element-1ccfac5 e-flex e-con-boxed elementor-invisible e-con e-parent\" data-id=\"1ccfac5\" data-element_type=\"container\" data-settings=\"{&quot;background_background&quot;:&quot;classic&quot;,&quot;animation&quot;:&quot;slideInUp&quot;}\">\n\t\t\t\t\t<div class=\"e-con-inner\">\n\t\t\t\t<div class=\"elementor-element elementor-element-1cd48b4 elementor-widget elementor-widget-heading\" data-id=\"1cd48b4\" data-element_type=\"widget\" data-widget_type=\"heading.default\">\n\t\t\t\t\t<h2 class=\"elementor-heading-title elementor-size-default\">What does ASAM do?<\/h2>\t\t\t\t<\/div>\n\t\t\t\t<div class=\"elementor-element elementor-element-3fe9d47 elementor-widget elementor-widget-text-editor\" data-id=\"3fe9d47\" data-element_type=\"widget\" data-widget_type=\"text-editor.default\">\n\t\t\t\t\t\t\t\t\t<div>ASAM stands \u201cIn solidarity with all those in need of a helping hand\u201d. Guided by this principle, ASAM strives to address the problems faced by women, children, youth, persons with disabilities, and the elderly, in particular, regardless of their race, religion, nationality, membership to a particular social group, political opinions, gender, or legal status, and to support and assist them in meeting their needs. <\/div>\t\t\t\t\t\t\t\t<\/div>\n\t\t\t\t\t<\/div>\n\t\t\t\t<\/div>\n\t\t<div class=\"elementor-element elementor-element-abf7904 e-con-full elementor-hidden-mobile e-flex e-con e-parent\" data-id=\"abf7904\" data-element_type=\"container\" data-settings=\"{&quot;background_background&quot;:&quot;classic&quot;}\">\n\t\t\t\t<div class=\"elementor-element elementor-element-13f68ff elementor-widget elementor-widget-image-carousel\" data-id=\"13f68ff\" data-element_type=\"widget\" data-settings=\"{&quot;slides_to_show&quot;:&quot;6&quot;,&quot;navigation&quot;:&quot;none&quot;,&quot;image_spacing_custom&quot;:{&quot;unit&quot;:&quot;px&quot;,&quot;size&quot;:14,&quot;sizes&quot;:[]},&quot;autoplay_speed&quot;:10000,&quot;slides_to_show_mobile&quot;:&quot;2&quot;,&quot;slides_to_scroll_mobile&quot;:&quot;5&quot;,&quot;slides_to_show_laptop&quot;:&quot;4&quot;,&quot;lazyload&quot;:&quot;yes&quot;,&quot;pause_on_hover&quot;:&quot;no&quot;,&quot;pause_on_interaction&quot;:&quot;no&quot;,&quot;autoplay&quot;:&quot;yes&quot;,&quot;infinite&quot;:&quot;yes&quot;,&quot;speed&quot;:500,&quot;image_spacing_custom_laptop&quot;:{&quot;unit&quot;:&quot;px&quot;,&quot;size&quot;:&quot;&quot;,&quot;sizes&quot;:[]},&quot;image_spacing_custom_tablet&quot;:{&quot;unit&quot;:&quot;px&quot;,&quot;size&quot;:&quot;&quot;,&quot;sizes&quot;:[]},&quot;image_spacing_custom_mobile&quot;:{&quot;unit&quot;:&quot;px&quot;,&quot;size&quot;:&quot;&quot;,&quot;sizes&quot;:[]}}\" data-widget_type=\"image-carousel.default\">\n\t\t\t\t\t\t\t<div class=\"elementor-image-carousel-wrapper swiper\" role=\"region\" aria-roledescription=\"carousel\" aria-label=\"Resim D\u00f6ng\u00fcs\u00fc\" dir=\"ltr\">\n\t\t\t<div class=\"elementor-image-carousel swiper-wrapper swiper-image-stretch\" aria-live=\"off\">\n\t\t\t\t\t\t\t\t<div class=\"swiper-slide\" role=\"group\" aria-roledescription=\"slide\" aria-label=\"1 of 7\"><figure class=\"swiper-slide-inner\"><img class=\"swiper-slide-image swiper-lazy\" data-src=\"https:\/\/sgddakademi.org.tr\/wp-content\/uploads\/2025\/09\/Artboard-1-300x300.jpg\" alt=\"Artboard-1.jpg\" \/><div class=\"swiper-lazy-preloader\"><\/div><\/figure><\/div><div class=\"swiper-slide\" role=\"group\" aria-roledescription=\"slide\" aria-label=\"2 of 7\"><figure class=\"swiper-slide-inner\"><img class=\"swiper-slide-image swiper-lazy\" data-src=\"https:\/\/sgddakademi.org.tr\/wp-content\/uploads\/2025\/09\/Artboard-2-300x300.jpg\" alt=\"Artboard-2.jpg\" \/><div class=\"swiper-lazy-preloader\"><\/div><\/figure><\/div><div class=\"swiper-slide\" role=\"group\" aria-roledescription=\"slide\" aria-label=\"3 of 7\"><figure class=\"swiper-slide-inner\"><img class=\"swiper-slide-image swiper-lazy\" data-src=\"https:\/\/sgddakademi.org.tr\/wp-content\/uploads\/2025\/09\/Artboard-3-300x300.jpg\" alt=\"Artboard-3.jpg\" \/><div class=\"swiper-lazy-preloader\"><\/div><\/figure><\/div><div class=\"swiper-slide\" role=\"group\" aria-roledescription=\"slide\" aria-label=\"4 of 7\"><figure class=\"swiper-slide-inner\"><img class=\"swiper-slide-image swiper-lazy\" data-src=\"https:\/\/sgddakademi.org.tr\/wp-content\/uploads\/2025\/09\/Artboard-4-300x300.jpg\" alt=\"Artboard-4.jpg\" \/><div class=\"swiper-lazy-preloader\"><\/div><\/figure><\/div><div class=\"swiper-slide\" role=\"group\" aria-roledescription=\"slide\" aria-label=\"5 of 7\"><figure class=\"swiper-slide-inner\"><img class=\"swiper-slide-image swiper-lazy\" data-src=\"https:\/\/sgddakademi.org.tr\/wp-content\/uploads\/2025\/09\/Artboard-5-300x300.jpg\" alt=\"Artboard-5.jpg\" \/><div class=\"swiper-lazy-preloader\"><\/div><\/figure><\/div><div class=\"swiper-slide\" role=\"group\" aria-roledescription=\"slide\" aria-label=\"6 of 7\"><figure class=\"swiper-slide-inner\"><img class=\"swiper-slide-image swiper-lazy\" data-src=\"https:\/\/sgddakademi.org.tr\/wp-content\/uploads\/2025\/09\/Artboard-6-300x300.jpg\" alt=\"Artboard-6.jpg\" \/><div class=\"swiper-lazy-preloader\"><\/div><\/figure><\/div><div class=\"swiper-slide\" role=\"group\" aria-roledescription=\"slide\" aria-label=\"7 of 7\"><figure class=\"swiper-slide-inner\"><img class=\"swiper-slide-image swiper-lazy\" data-src=\"https:\/\/sgddakademi.org.tr\/wp-content\/uploads\/2025\/09\/Artboard-7-300x300.jpg\" alt=\"Artboard-7.jpg\" \/><div class=\"swiper-lazy-preloader\"><\/div><\/figure><\/div>\t\t\t<\/div>\n\t\t\t\t\t\t\t\n\t\t\t\t\t\t\t\t\t<\/div>\n\t\t\t\t\t\t<\/div>\n\t\t\t\t<\/div>\n\t\t<div class=\"elementor-element elementor-element-d1db8bf e-flex e-con-boxed e-con e-parent\" data-id=\"d1db8bf\" data-element_type=\"container\" data-settings=\"{&quot;background_background&quot;:&quot;classic&quot;}\">\n\t\t\t\t\t<div class=\"e-con-inner\">\n\t\t<div class=\"elementor-element elementor-element-03337e5 e-con-full e-flex e-con e-child\" data-id=\"03337e5\" data-element_type=\"container\">\n\t\t\t\t<div class=\"elementor-element elementor-element-ad5f5cf elementor-widget elementor-widget-image\" data-id=\"ad5f5cf\" data-element_type=\"widget\" data-widget_type=\"image.default\">\n\t\t\t\t\t\t\t\t\t\t\t\t\t\t\t<img decoding=\"async\" width=\"732\" height=\"642\" data-src=\"https:\/\/sgddakademi.org.tr\/wp-content\/uploads\/2025\/09\/deprem_bolgesi_mudahalesi_comp.webp\" class=\"attachment-large size-large wp-image-1104 lazyload\" alt=\"\" data-srcset=\"https:\/\/sgddakademi.org.tr\/wp-content\/uploads\/2025\/09\/deprem_bolgesi_mudahalesi_comp.webp 732w, https:\/\/sgddakademi.org.tr\/wp-content\/uploads\/2025\/09\/deprem_bolgesi_mudahalesi_comp-300x263.webp 300w\" data-sizes=\"(max-width: 732px) 100vw, 732px\" src=\"data:image\/svg+xml;base64,PHN2ZyB3aWR0aD0iMSIgaGVpZ2h0PSIxIiB4bWxucz0iaHR0cDovL3d3dy53My5vcmcvMjAwMC9zdmciPjwvc3ZnPg==\" style=\"--smush-placeholder-width: 732px; --smush-placeholder-aspect-ratio: 732\/642;\" \/>\t\t\t\t\t\t\t\t\t\t\t\t\t\t\t<\/div>\n\t\t\t\t<\/div>\n\t\t<div class=\"elementor-element elementor-element-a418461 e-con-full e-flex e-con e-child\" data-id=\"a418461\" data-element_type=\"container\">\n\t\t\t\t<div class=\"elementor-element elementor-element-b8253d6 elementor-widget elementor-widget-heading\" data-id=\"b8253d6\" data-element_type=\"widget\" data-widget_type=\"heading.default\">\n\t\t\t\t\t<h2 class=\"elementor-heading-title elementor-size-default\">Response efforts <br>in the earthquake region<\/h2>\t\t\t\t<\/div>\n\t\t\t\t<div class=\"elementor-element elementor-element-e98f53e elementor-widget elementor-widget-text-editor\" data-id=\"e98f53e\" data-element_type=\"widget\" data-widget_type=\"text-editor.default\">\n\t\t\t\t\t\t\t\t\t<p>Right after the earthquakes that occurred on 6 February 2023, ASAM, together with over 800 staff members, who rushed to the region from all across T\u00fcrkiye, engaged in search and rescue efforts as well as humanitarian aid operations in Hatay, Kahramanmara\u015f, Gaziantep, Ad\u0131yaman, and \u015eanl\u0131urfa. ASAM, which has started to implement more than 20 projects aiming to mitigate the devastating effects of the earthquakes in the region with its accumulated experience, continues to coordinate its operations from its compounds established in 4 provinces (Hatay, Kahramanmara\u015f, Ad\u0131yaman, and Malatya). <\/p>\t\t\t\t\t\t\t\t<\/div>\n\t\t\t\t<\/div>\n\t\t\t\t\t<\/div>\n\t\t\t\t<\/div>\n\t\t<div class=\"elementor-element elementor-element-aae4be7 e-flex e-con-boxed e-con e-parent\" data-id=\"aae4be7\" data-element_type=\"container\" data-settings=\"{&quot;background_background&quot;:&quot;classic&quot;}\">\n\t\t\t\t\t<div class=\"e-con-inner\">\n\t\t<div class=\"elementor-element elementor-element-722b974 e-con-full e-flex e-con e-child\" data-id=\"722b974\" data-element_type=\"container\">\n\t\t\t\t<div class=\"elementor-element elementor-element-8d5d74a elementor-widget elementor-widget-heading\" data-id=\"8d5d74a\" data-element_type=\"widget\" data-widget_type=\"heading.default\">\n\t\t\t\t\t<h2 class=\"elementor-heading-title elementor-size-default\">On-site analysis and assistance in earthquake response compounds<\/h2>\t\t\t\t<\/div>\n\t\t\t\t<div class=\"elementor-element elementor-element-fa23640 elementor-widget elementor-widget-text-editor\" data-id=\"fa23640\" data-element_type=\"widget\" data-widget_type=\"text-editor.default\">\n\t\t\t\t\t\t\t\t\t<p>ASAM established compounds in Hatay, Kahramanmara\u015f, Ad\u0131yaman, and Malatya in order to sustain its operations in the earthquake-stricken region without interruption and in a swift and effective manner. It ensured coordination in the field and the delivery of the humanitarian relief items to the regions from these points. Running its operations without leaving the quake-hit region with the help of container areas designated for its staff, the Association, with its hundreds of expert staff members, continues its kit distribution, needs assessment, PSS, health counselling and child protection activities in the field.  <\/p>\t\t\t\t\t\t\t\t<\/div>\n\t\t\t\t<\/div>\n\t\t<div class=\"elementor-element elementor-element-6bc9063 e-con-full e-flex e-con e-child\" data-id=\"6bc9063\" data-element_type=\"container\">\n\t\t\t\t<div class=\"elementor-element elementor-element-a8d5287 elementor-widget elementor-widget-image\" data-id=\"a8d5287\" data-element_type=\"widget\" data-widget_type=\"image.default\">\n\t\t\t\t\t\t\t\t\t\t\t\t\t\t\t<img decoding=\"async\" width=\"732\" height=\"642\" data-src=\"https:\/\/sgddakademi.org.tr\/wp-content\/uploads\/2025\/09\/deprem_analiz_comp.webp\" class=\"attachment-large size-large wp-image-1105 lazyload\" alt=\"\" data-srcset=\"https:\/\/sgddakademi.org.tr\/wp-content\/uploads\/2025\/09\/deprem_analiz_comp.webp 732w, https:\/\/sgddakademi.org.tr\/wp-content\/uploads\/2025\/09\/deprem_analiz_comp-300x263.webp 300w\" data-sizes=\"(max-width: 732px) 100vw, 732px\" src=\"data:image\/svg+xml;base64,PHN2ZyB3aWR0aD0iMSIgaGVpZ2h0PSIxIiB4bWxucz0iaHR0cDovL3d3dy53My5vcmcvMjAwMC9zdmciPjwvc3ZnPg==\" style=\"--smush-placeholder-width: 732px; --smush-placeholder-aspect-ratio: 732\/642;\" \/>\t\t\t\t\t\t\t\t\t\t\t\t\t\t\t<\/div>\n\t\t\t\t<\/div>\n\t\t\t\t\t<\/div>\n\t\t\t\t<\/div>\n\t\t\t\t<\/div>\n\t\t","protected":false},"excerpt":{"rendered":"<p>About ASAM Visit our website to learn more about ASAM\u2019s activities. sgdd.org.tr\/en 29 offices in 21provinces across T\u00fcrkiye ASAM has more than two thousand full-time employees and 29 offices in 21 provinces of Turkey. The organization works in these offices regardless of language, religion, gender, race and political views. Where We Work Foreign representations Having [&hellip;]<\/p>\n","protected":false},"author":1,"featured_media":0,"parent":0,"menu_order":0,"comment_status":"closed","ping_status":"closed","template":"","meta":{"_acf_changed":false,"footnotes":""},"class_list":["post-1094","page","type-page","status-publish","hentry"],"acf":[],"_links":{"self":[{"href":"https:\/\/sgddakademi.org.tr\/en\/wp-json\/wp\/v2\/pages\/1094","targetHints":{"allow":["GET"]}}],"collection":[{"href":"https:\/\/sgddakademi.org.tr\/en\/wp-json\/wp\/v2\/pages"}],"about":[{"href":"https:\/\/sgddakademi.org.tr\/en\/wp-json\/wp\/v2\/types\/page"}],"author":[{"embeddable":true,"href":"https:\/\/sgddakademi.org.tr\/en\/wp-json\/wp\/v2\/users\/1"}],"replies":[{"embeddable":true,"href":"https:\/\/sgddakademi.org.tr\/en\/wp-json\/wp\/v2\/comments?post=1094"}],"version-history":[{"count":1,"href":"https:\/\/sgddakademi.org.tr\/en\/wp-json\/wp\/v2\/pages\/1094\/revisions"}],"predecessor-version":[{"id":1106,"href":"https:\/\/sgddakademi.org.tr\/en\/wp-json\/wp\/v2\/pages\/1094\/revisions\/1106"}],"wp:attachment":[{"href":"https:\/\/sgddakademi.org.tr\/en\/wp-json\/wp\/v2\/media?parent=1094"}],"curies":[{"name":"wp","href":"https:\/\/api.w.org\/{rel}","templated":true}]}}